{"id":75,"date":"2021-10-09T19:49:12","date_gmt":"2021-10-09T17:49:12","guid":{"rendered":"http:\/\/xkbjrvk.cluster029.hosting.ovh.net\/?page_id=75"},"modified":"2021-11-14T18:24:18","modified_gmt":"2021-11-14T17:24:18","slug":"suivi-gynecologique","status":"publish","type":"page","link":"https:\/\/www.nelly-weill-sage-femme.fr\/index.php\/suivi-gynecologique\/","title":{"rendered":"Suivi gyn\u00e9cologique"},"content":{"rendered":"\n<div class=\"wp-block-cover has-background-dim-30 has-background-dim\" style=\"min-height:375px\"><img loading=\"lazy\" width=\"1024\" height=\"576\" class=\"wp-block-cover__image-background wp-image-182\" alt=\"\" src=\"https:\/\/www.nelly-weill-sage-femme.fr\/wp-content\/uploads\/2021\/11\/2021_Cabinet_1-1024x576.jpg\" style=\"object-position:52% 65%\" data-object-fit=\"cover\" data-object-position=\"52% 65%\" srcset=\"https:\/\/www.nelly-weill-sage-femme.fr\/wp-content\/uploads\/2021\/11\/2021_Cabinet_1-1024x576.jpg 1024w, https:\/\/www.nelly-weill-sage-femme.fr\/wp-content\/uploads\/2021\/11\/2021_Cabinet_1-300x169.jpg 300w, https:\/\/www.nelly-weill-sage-femme.fr\/wp-content\/uploads\/2021\/11\/2021_Cabinet_1-768x432.jpg 768w, https:\/\/www.nelly-weill-sage-femme.fr\/wp-content\/uploads\/2021\/11\/2021_Cabinet_1-1536x864.jpg 1536w, https:\/\/www.nelly-weill-sage-femme.fr\/wp-content\/uploads\/2021\/11\/2021_Cabinet_1.jpg 2000w\" sizes=\"(max-width: 1024px) 100vw, 1024px\" \/><div class=\"wp-block-cover__inner-container\">\n<p class=\"has-large-font-size\"><\/p>\n<\/div><\/div>\n\n\n\n<p><\/p>\n\n\n\n<p>Si vous \u00eates en bonne sant\u00e9, je peux r\u00e9aliser votre suivi gyn\u00e9cologique de pr\u00e9vention.<\/p>\n\n\n\n<p>Quel que soit votre \u00e2ge, vous pouvez consulter, que vous ayez eu ou non des enfants.<\/p>\n\n\n\n<p><strong>D\u00e9roulement d&rsquo;une consultation <\/strong>:<\/p>\n\n\n\n<p>Je r\u00e9alise un entretien puis un examen clinique complet (g\u00e9n\u00e9ral et gyn\u00e9cologique) et tous les actes n\u00e9cessaires \u00e0 votre suivi. Je peux faire vos frottis cervico-vaginaux de d\u00e9pistage et peux vous prescrire tous les examens compl\u00e9mentaires utiles \u00e0 votre suivi. Au sein du cabinet vous pourrez \u00e9galement prendre RDV pour les \u00e9chographies pelviennes et le contr\u00f4le de st\u00e9rilet avec R\u00e9mi Bouteille. <\/p>\n\n\n\n<p>En cas de d\u00e9pistage de pathologies, je vous adresserai alors \u00e0 un m\u00e9decin gyn\u00e9cologue.<\/p>\n\n\n\n<p>Je  peux vous pr\u00e9senter et vous prescrire l&rsquo;ensemble des moyens contraceptifs, \u00e0 savoir :<br>\u2013 les contraceptifs locaux et hormonaux,<br>\u2013 les contraceptifs intra ut\u00e9rins( st\u00e9rilets), les diaphragmes et les capes,<br>\u2013 les contraceptifs d\u2019urgence.<\/p>\n\n\n\n<p> Je peux vous proposer :<br>\u2013 la pose, la surveillance et le retrait du diaphragme ou de la cape,<br>\u2013 l\u2019insertion, la surveillance et le retrait de contraceptifs intra-ut\u00e9rins,<br>\u2013 le pose et le retrait des implants.<\/p>\n\n\n\n<p>Je peux \u00e9galement proc\u00e9der \u00e0 la vaccination&nbsp; contre le papillomavirus humain.<\/p>\n\n\n\n<p>A savoir : La prescription, d\u00e9livrance et administration des contraceptifs aupr\u00e8s de patientes mineures en dehors de tout recueil obligatoire, au pr\u00e9alable, du consentement des titulaires de l\u2019autorit\u00e9 parentale est possible.<\/p>\n\n\n\n<p>La premi\u00e8re consultation de contraception entre 15 ans et 18 ans est prise en charge  \u00e0 100% par la s\u00e9curit\u00e9 sociale et ne fait pas l&rsquo;objet obligatoire d&rsquo;un examen gyn\u00e9cologique.<\/p>\n","protected":false},"excerpt":{"rendered":"<p>Si vous \u00eates en bonne sant\u00e9, je peux r\u00e9aliser votre suivi gyn\u00e9cologique de pr\u00e9vention. Quel que soit votre \u00e2ge, vous &hellip; <\/p>\n","protected":false},"author":1,"featured_media":0,"parent":0,"menu_order":0,"comment_status":"closed","ping_status":"closed","template":"","meta":[],"_links":{"self":[{"href":"https:\/\/www.nelly-weill-sage-femme.fr\/index.php\/wp-json\/wp\/v2\/pages\/75"}],"collection":[{"href":"https:\/\/www.nelly-weill-sage-femme.fr\/index.php\/wp-json\/wp\/v2\/pages"}],"about":[{"href":"https:\/\/www.nelly-weill-sage-femme.fr\/index.php\/wp-json\/wp\/v2\/types\/page"}],"author":[{"embeddable":true,"href":"https:\/\/www.nelly-weill-sage-femme.fr\/index.php\/wp-json\/wp\/v2\/users\/1"}],"replies":[{"embeddable":true,"href":"https:\/\/www.nelly-weill-sage-femme.fr\/index.php\/wp-json\/wp\/v2\/comments?post=75"}],"version-history":[{"count":5,"href":"https:\/\/www.nelly-weill-sage-femme.fr\/index.php\/wp-json\/wp\/v2\/pages\/75\/revisions"}],"predecessor-version":[{"id":368,"href":"https:\/\/www.nelly-weill-sage-femme.fr\/index.php\/wp-json\/wp\/v2\/pages\/75\/revisions\/368"}],"wp:attachment":[{"href":"https:\/\/www.nelly-weill-sage-femme.fr\/index.php\/wp-json\/wp\/v2\/media?parent=75"}],"curies":[{"name":"wp","href":"https:\/\/api.w.org\/{rel}","templated":true}]}}