{"id":163,"date":"2021-10-15T19:12:40","date_gmt":"2021-10-15T17:12:40","guid":{"rendered":"http:\/\/www.nelly-weill-sage-femme.fr\/?page_id=163"},"modified":"2021-11-14T15:56:48","modified_gmt":"2021-11-14T14:56:48","slug":"surveillance-de-grossesse-pathologique-a-domicile-ou-au-cabinet","status":"publish","type":"page","link":"https:\/\/www.nelly-weill-sage-femme.fr\/index.php\/surveillance-de-grossesse-pathologique-a-domicile-ou-au-cabinet\/","title":{"rendered":"Surveillance de grossesse pathologique"},"content":{"rendered":"\n<div class=\"wp-block-cover has-background-dim-20 has-background-dim\" style=\"min-height:347px\"><img loading=\"lazy\" width=\"2560\" height=\"1920\" class=\"wp-block-cover__image-background wp-image-222\" alt=\"\" src=\"https:\/\/www.nelly-weill-sage-femme.fr\/wp-content\/uploads\/2021\/11\/IMG_0746-scaled.jpg\" style=\"object-position:49% 71%\" data-object-fit=\"cover\" data-object-position=\"49% 71%\" srcset=\"https:\/\/www.nelly-weill-sage-femme.fr\/wp-content\/uploads\/2021\/11\/IMG_0746-scaled.jpg 2560w, https:\/\/www.nelly-weill-sage-femme.fr\/wp-content\/uploads\/2021\/11\/IMG_0746-300x225.jpg 300w, https:\/\/www.nelly-weill-sage-femme.fr\/wp-content\/uploads\/2021\/11\/IMG_0746-1024x768.jpg 1024w, https:\/\/www.nelly-weill-sage-femme.fr\/wp-content\/uploads\/2021\/11\/IMG_0746-768x576.jpg 768w, https:\/\/www.nelly-weill-sage-femme.fr\/wp-content\/uploads\/2021\/11\/IMG_0746-1536x1152.jpg 1536w, https:\/\/www.nelly-weill-sage-femme.fr\/wp-content\/uploads\/2021\/11\/IMG_0746-2048x1536.jpg 2048w\" sizes=\"(max-width: 2560px) 100vw, 2560px\" \/><div class=\"wp-block-cover__inner-container\">\n<p class=\"has-text-align-center has-large-font-size\">Monitoring<\/p>\n<\/div><\/div>\n\n\n\n<p><\/p>\n\n\n\n<p>Dans certains cas, la grossesse peut se compliquer sans n\u00e9cessiter une hospitalisation. Si vous devez rester alit\u00e9e ou au repos, je pourrai <strong>me rendre \u00e0 votre domicile<\/strong> pour \u00a0effectuer une surveillance avec monitoring (enregistrement du rythme du c\u0153ur du b\u00e9b\u00e9 et des contractions ut\u00e9rines).<\/p>\n\n\n\n<p><strong>Cela n\u00e9cessite une prescription m\u00e9dicale.<\/strong><\/p>\n\n\n\n<p>La surveillance peut varier de 1 \u00e0 2\/3 fois par semaine.<br>Dans ce cas de grossesse pathologique, la pr\u00e9paration \u00e0 la naissance peut se faire \u00e0 domicile.<\/p>\n\n\n\n<p>En cas de surveillance <strong>ne n\u00e9cessitant pas d\u2019alitement<\/strong>, le monitoring se fera <strong>en g\u00e9n\u00e9ral au cabinet.<\/strong><\/p>\n","protected":false},"excerpt":{"rendered":"<p>Dans certains cas, la grossesse peut se compliquer sans n\u00e9cessiter une hospitalisation. Si vous devez rester alit\u00e9e ou au repos, &hellip; <\/p>\n","protected":false},"author":1,"featured_media":0,"parent":0,"menu_order":0,"comment_status":"closed","ping_status":"closed","template":"","meta":[],"_links":{"self":[{"href":"https:\/\/www.nelly-weill-sage-femme.fr\/index.php\/wp-json\/wp\/v2\/pages\/163"}],"collection":[{"href":"https:\/\/www.nelly-weill-sage-femme.fr\/index.php\/wp-json\/wp\/v2\/pages"}],"about":[{"href":"https:\/\/www.nelly-weill-sage-femme.fr\/index.php\/wp-json\/wp\/v2\/types\/page"}],"author":[{"embeddable":true,"href":"https:\/\/www.nelly-weill-sage-femme.fr\/index.php\/wp-json\/wp\/v2\/users\/1"}],"replies":[{"embeddable":true,"href":"https:\/\/www.nelly-weill-sage-femme.fr\/index.php\/wp-json\/wp\/v2\/comments?post=163"}],"version-history":[{"count":4,"href":"https:\/\/www.nelly-weill-sage-femme.fr\/index.php\/wp-json\/wp\/v2\/pages\/163\/revisions"}],"predecessor-version":[{"id":283,"href":"https:\/\/www.nelly-weill-sage-femme.fr\/index.php\/wp-json\/wp\/v2\/pages\/163\/revisions\/283"}],"wp:attachment":[{"href":"https:\/\/www.nelly-weill-sage-femme.fr\/index.php\/wp-json\/wp\/v2\/media?parent=163"}],"curies":[{"name":"wp","href":"https:\/\/api.w.org\/{rel}","templated":true}]}}